{"id":7941,"date":"2020-08-26T04:11:46","date_gmt":"2020-08-26T04:11:46","guid":{"rendered":"https:\/\/7oroof.com\/tfdemos\/medcity\/?page_id=7941"},"modified":"2020-08-26T04:11:46","modified_gmt":"2020-08-26T04:11:46","slug":"doctors-grid","status":"publish","type":"page","link":"https:\/\/focilmed.com\/es\/doctors-grid\/","title":{"rendered":"Doctors Grid"},"content":{"rendered":"<div data-elementor-type=\"wp-page\" data-elementor-id=\"7941\" class=\"elementor elementor-7941\">\n\t\t\t\t\t\t\t        <section class=\"elementor-section elementor-top-section elementor-element elementor-element-55c4f533 elementor-section-stretched elementor-section-boxed elementor-section-height-default elementor-section-height-default\" data-id=\"55c4f533\" data-element_type=\"section\" data-settings=\"{&quot;stretch_section&quot;:&quot;section-stretched&quot;,&quot;background_background&quot;:&quot;classic&quot;}\">\n                    <div class=\"elementor-background-overlay\"><\/div>\n        \n                <div class=\"elementor-container elementor-column-gap-default\">\n                <div class=\"elementor-column elementor-col-100 elementor-top-column elementor-element elementor-element-373f6e1e\" data-id=\"373f6e1e\" data-element_type=\"column\">\n        <div class=\"elementor-widget-wrap elementor-element-populated\">\n                                <section class=\"elementor-section elementor-inner-section elementor-element elementor-element-6756d571 elementor-section-boxed elementor-section-height-default elementor-section-height-default\" data-id=\"6756d571\" data-element_type=\"section\">\n        \n                <div class=\"elementor-container elementor-column-gap-default\">\n                <div class=\"elementor-column elementor-col-50 elementor-inner-column elementor-element elementor-element-48cc8d55\" data-id=\"48cc8d55\" data-element_type=\"column\">\n        <div class=\"elementor-widget-wrap elementor-element-populated\">\n                        \t\t<div class=\"elementor-element elementor-element-906c482 elementor-widget elementor-widget-cms_heading\" data-id=\"906c482\" data-element_type=\"widget\" data-widget_type=\"cms_heading.default\">\n\t\t\t\t<div class=\"elementor-widget-container\">\n\t\t\t<div class=\"cms-heading-wrapper cms-heading-layout1\">\r\n    \r\n            <h2 class=\"custom-heading\">\r\n            <span >Providing Care for The Sickest In Community.<\/span>\r\n        <\/h2>\r\n        \r\n    <\/div>\t\t<\/div>\n\t\t\t\t<\/div>\n\t\t\t\t<div class=\"elementor-element elementor-element-62a7fadd elementor-widget elementor-widget-text-editor\" data-id=\"62a7fadd\" data-element_type=\"widget\" data-widget_type=\"text-editor.default\">\n\t\t\t\t<div class=\"elementor-widget-container\">\n\t\t\t<style>\/*! elementor - v3.18.0 - 08-12-2023 *\/\n.elementor-widget-text-editor.elementor-drop-cap-view-stacked .elementor-drop-cap{background-color:#69727d;color:#fff}.elementor-widget-text-editor.elementor-drop-cap-view-framed .elementor-drop-cap{color:#69727d;border:3px solid;background-color:transparent}.elementor-widget-text-editor:not(.elementor-drop-cap-view-default) .elementor-drop-cap{margin-top:8px}.elementor-widget-text-editor:not(.elementor-drop-cap-view-default) .elementor-drop-cap-letter{width:1em;height:1em}.elementor-widget-text-editor .elementor-drop-cap{float:left;text-align:center;line-height:1;font-size:50px}.elementor-widget-text-editor .elementor-drop-cap-letter{display:inline-block}<\/style>\t\t\t\t<p>Medcity has been present in Europe since 1990, offering innovative solutions, specializing in medical services for treatment of medical infrastructure.<\/p>\t\t\t\t\t\t<\/div>\n\t\t\t\t<\/div>\n\t\t\t\t<div class=\"elementor-element elementor-element-4dda713d elementor-widget-mobile__width-inherit elementor-widget elementor-widget-cms_button\" data-id=\"4dda713d\" data-element_type=\"widget\" data-widget_type=\"cms_button.default\">\n\t\t\t\t<div class=\"elementor-widget-container\">\n\t\t\t<div class=\"cms-button-wrapper cms-button layout1\">\r\n    <a href=\"https:\/\/7oroof.com\/tfdemos\/medcity\/appointment\/\" target=\"_blank\" rel=\"nofollow\" class=\"btn btn-default\">\r\n                            <span class=\"cms-button-icon cms-align-icon-right\">\r\n                <i aria-hidden=\"true\" class=\"fas fa-arrow-right\"><\/i>            <\/span>\r\n                <span class=\"cms-button-text\">Agende una Cita<\/span>\r\n    <\/a>\r\n<\/div>\t\t<\/div>\n\t\t\t\t<\/div>\n\t\t        <\/div>\n        <\/div>\n                <div class=\"elementor-column elementor-col-50 elementor-inner-column elementor-element elementor-element-546195b4\" data-id=\"546195b4\" data-element_type=\"column\">\n        <div class=\"elementor-widget-wrap\">\n                                <\/div>\n        <\/div>\n                        <\/div>\n        <\/section>\n                <\/div>\n        <\/div>\n                        <\/div>\n        <\/section>\n                <section class=\"elementor-section elementor-top-section elementor-element elementor-element-212d205a elementor-section-boxed elementor-section-height-default elementor-section-height-default\" data-id=\"212d205a\" data-element_type=\"section\" data-settings=\"{&quot;background_background&quot;:&quot;classic&quot;}\">\n        \n                <div class=\"elementor-container elementor-column-gap-default\">\n                <div class=\"elementor-column elementor-col-100 elementor-top-column elementor-element elementor-element-7a971abc\" data-id=\"7a971abc\" data-element_type=\"column\">\n        <div class=\"elementor-widget-wrap elementor-element-populated\">\n                        \t\t<div class=\"elementor-element elementor-element-6bf80371 elementor-widget elementor-widget-cms_doctor_grid\" data-id=\"6bf80371\" data-element_type=\"widget\" data-widget_type=\"cms_doctor_grid.default\">\n\t\t\t\t<div class=\"elementor-widget-container\">\n\t\t\t\r\n<div id=\"cms_doctor_grid-6bf80371\" class=\"cms-grid cms-doctor-grid layout3\" data-layout=\"masonry\" data-start-page=\"1\" data-max-pages=\"2\" data-total=\"10\" data-perpage=\"6\" data-next-link=\"https:\/\/focilmed.com\/es\/wp-json\/wp\/v2\/pages\/7941\/page\/2\/\">\r\n    <div class=\"cms-grid-overlay\"><\/div>\r\n    \r\n    <div class=\"cms-grid-inner cms-grid-masonry row animation-time\" data-gutter=\"15\">\r\n                    <div class=\"grid-sizer col-xl-4 col-lg-4 col-md-6 col-sm-6 col-12\"><\/div>\r\n                                <div class=\"grid-item col-xl-4 col-lg-4 col-md-6 col-sm-6 col-12\">\r\n                    <div class=\"grid-item-inner\">\r\n                                                    <div class=\"entry-featured\">\r\n                                <a href=\"https:\/\/focilmed.com\/es\/doctor\/beatriz-morales\/\"><img fetchpriority=\"high\" decoding=\"async\" width=\"2048\" height=\"2560\" src=\"https:\/\/focilmed.com\/wp-content\/uploads\/2022\/09\/Beatriz_Morales_2020psd-scaled.jpg\" class=\"attachment-full\" alt=\"\" \/><\/a>\r\n                            <\/div>\r\n                        \r\n                        <div class=\"entry-body\">\r\n                            <h3 class=\"entry-title\">\r\n                                <a href=\"https:\/\/focilmed.com\/es\/doctor\/beatriz-morales\/\">Beatriz Morales<\/a>\r\n                            <\/h3>\r\n                                                            <div class=\"item-category\">\r\n                                    <a href=\"https:\/\/focilmed.com\/es\/doctor-category\/marketing\/\" rel=\"tag\">Marketing<\/a>                                <\/div>\r\n                                                                                        <div class=\"entry-content\">\r\n                                                                    <\/div>\r\n                                                                                        <div class=\"entry-readmore\">\r\n                                    <a class=\"btn\" href=\"https:\/\/focilmed.com\/es\/doctor\/beatriz-morales\/\">\r\n                                        <span>Leer M\u00e1s<\/span>\r\n                                        <i class=\"far fa-arrow-right\"><\/i>\r\n                                    <\/a>\r\n                                <\/div>\r\n                                                    <\/div>\r\n                    <\/div>\r\n                <\/div>\r\n                            <div class=\"grid-item col-xl-4 col-lg-4 col-md-6 col-sm-6 col-12\">\r\n                    <div class=\"grid-item-inner\">\r\n                                                    <div class=\"entry-featured\">\r\n                                <a href=\"https:\/\/focilmed.com\/es\/doctor\/augusto-focil\/\"><img decoding=\"async\" width=\"600\" height=\"600\" src=\"https:\/\/focilmed.com\/wp-content\/uploads\/2020\/11\/focil_web.png\" class=\"attachment-full\" alt=\"\" \/><\/a>\r\n                            <\/div>\r\n                        \r\n                        <div class=\"entry-body\">\r\n                            <h3 class=\"entry-title\">\r\n                                <a href=\"https:\/\/focilmed.com\/es\/doctor\/augusto-focil\/\">Augusto Focil, MD, MPH<\/a>\r\n                            <\/h3>\r\n                                                            <div class=\"item-category\">\r\n                                    <a href=\"https:\/\/focilmed.com\/es\/doctor-category\/medical-direction\/\" rel=\"tag\">Director M\u00e9dico<\/a>                                <\/div>\r\n                                                                                        <div class=\"entry-content\">\r\n                                    El Dr. Augusto E. Focil es un internista en Oxnard, California. Recibi\u00f3 su t\u00edtulo de m\u00e9dico de la Universidad Cat\u00f3lica de Santiago de Guayaquil                                <\/div>\r\n                                                                                        <div class=\"entry-readmore\">\r\n                                    <a class=\"btn\" href=\"https:\/\/focilmed.com\/es\/doctor\/augusto-focil\/\">\r\n                                        <span>Leer M\u00e1s<\/span>\r\n                                        <i class=\"far fa-arrow-right\"><\/i>\r\n                                    <\/a>\r\n                                <\/div>\r\n                                                    <\/div>\r\n                    <\/div>\r\n                <\/div>\r\n                            <div class=\"grid-item col-xl-4 col-lg-4 col-md-6 col-sm-6 col-12\">\r\n                    <div class=\"grid-item-inner\">\r\n                                                    <div class=\"entry-featured\">\r\n                                <a href=\"https:\/\/focilmed.com\/es\/doctor\/kathlyn-larco\/\"><img decoding=\"async\" width=\"500\" height=\"500\" src=\"https:\/\/focilmed.com\/wp-content\/uploads\/2020\/11\/KL-Web.png\" class=\"attachment-full\" alt=\"\" \/><\/a>\r\n                            <\/div>\r\n                        \r\n                        <div class=\"entry-body\">\r\n                            <h3 class=\"entry-title\">\r\n                                <a href=\"https:\/\/focilmed.com\/es\/doctor\/kathlyn-larco\/\">Kathlyn Larco<\/a>\r\n                            <\/h3>\r\n                                                            <div class=\"item-category\">\r\n                                    <a href=\"https:\/\/focilmed.com\/es\/doctor-category\/physician-assistant\/\" rel=\"tag\">Physician Assistant<\/a>                                <\/div>\r\n                                                                                        <div class=\"entry-content\">\r\n                                    Brian specializes in treating skin, hair, nail, and mucous membrane. He also address cosmetic issues, helping to revitalize the appearance of the skin and nails.                                <\/div>\r\n                                                                                        <div class=\"entry-readmore\">\r\n                                    <a class=\"btn\" href=\"https:\/\/focilmed.com\/es\/doctor\/kathlyn-larco\/\">\r\n                                        <span>Leer M\u00e1s<\/span>\r\n                                        <i class=\"far fa-arrow-right\"><\/i>\r\n                                    <\/a>\r\n                                <\/div>\r\n                                                    <\/div>\r\n                    <\/div>\r\n                <\/div>\r\n                            <div class=\"grid-item col-xl-4 col-lg-4 col-md-6 col-sm-6 col-12\">\r\n                    <div class=\"grid-item-inner\">\r\n                                                    <div class=\"entry-featured\">\r\n                                <a href=\"https:\/\/focilmed.com\/es\/doctor\/joann-leeper\/\"><img loading=\"lazy\" decoding=\"async\" width=\"1549\" height=\"1439\" src=\"https:\/\/focilmed.com\/wp-content\/uploads\/2018\/09\/Joann_Leeper_2-e1664836793487.jpg\" class=\"attachment-full\" alt=\"\" \/><\/a>\r\n                            <\/div>\r\n                        \r\n                        <div class=\"entry-body\">\r\n                            <h3 class=\"entry-title\">\r\n                                <a href=\"https:\/\/focilmed.com\/es\/doctor\/joann-leeper\/\">Joann Leeper<\/a>\r\n                            <\/h3>\r\n                                                            <div class=\"item-category\">\r\n                                    <a href=\"https:\/\/focilmed.com\/es\/doctor-category\/human-resources\/\" rel=\"tag\">Recursos Humanos<\/a>                                <\/div>\r\n                                                                                        <div class=\"entry-content\">\r\n                                                                    <\/div>\r\n                                                                                        <div class=\"entry-readmore\">\r\n                                    <a class=\"btn\" href=\"https:\/\/focilmed.com\/es\/doctor\/joann-leeper\/\">\r\n                                        <span>Leer M\u00e1s<\/span>\r\n                                        <i class=\"far fa-arrow-right\"><\/i>\r\n                                    <\/a>\r\n                                <\/div>\r\n                                                    <\/div>\r\n                    <\/div>\r\n                <\/div>\r\n                            <div class=\"grid-item col-xl-4 col-lg-4 col-md-6 col-sm-6 col-12\">\r\n                    <div class=\"grid-item-inner\">\r\n                                                    <div class=\"entry-featured\">\r\n                                <a href=\"https:\/\/focilmed.com\/es\/doctor\/miriam-espinoza\/\"><img loading=\"lazy\" decoding=\"async\" width=\"1403\" height=\"1367\" src=\"https:\/\/focilmed.com\/wp-content\/uploads\/2006\/07\/Myriam-Espinoza-e1664836550100.png\" class=\"attachment-full\" alt=\"\" \/><\/a>\r\n                            <\/div>\r\n                        \r\n                        <div class=\"entry-body\">\r\n                            <h3 class=\"entry-title\">\r\n                                <a href=\"https:\/\/focilmed.com\/es\/doctor\/miriam-espinoza\/\">Miriam Espinoza<\/a>\r\n                            <\/h3>\r\n                                                            <div class=\"item-category\">\r\n                                    <a href=\"https:\/\/focilmed.com\/es\/doctor-category\/medical-assistant\/\" rel=\"tag\">Asistente m\u00e9dico<\/a>                                <\/div>\r\n                                                                                        <div class=\"entry-content\">\r\n                                                                    <\/div>\r\n                                                                                        <div class=\"entry-readmore\">\r\n                                    <a class=\"btn\" href=\"https:\/\/focilmed.com\/es\/doctor\/miriam-espinoza\/\">\r\n                                        <span>Leer M\u00e1s<\/span>\r\n                                        <i class=\"far fa-arrow-right\"><\/i>\r\n                                    <\/a>\r\n                                <\/div>\r\n                                                    <\/div>\r\n                    <\/div>\r\n                <\/div>\r\n                            <div class=\"grid-item col-xl-4 col-lg-4 col-md-6 col-sm-6 col-12\">\r\n                    <div class=\"grid-item-inner\">\r\n                                                    <div class=\"entry-featured\">\r\n                                <a href=\"https:\/\/focilmed.com\/es\/doctor\/sheila_hernandez\/\"><img loading=\"lazy\" decoding=\"async\" width=\"688\" height=\"707\" src=\"https:\/\/focilmed.com\/wp-content\/uploads\/2004\/05\/Sheila-Herandez_2-e1664852451345.jpg\" class=\"attachment-full\" alt=\"\" \/><\/a>\r\n                            <\/div>\r\n                        \r\n                        <div class=\"entry-body\">\r\n                            <h3 class=\"entry-title\">\r\n                                <a href=\"https:\/\/focilmed.com\/es\/doctor\/sheila_hernandez\/\">Sheila Hernandez<\/a>\r\n                            <\/h3>\r\n                                                            <div class=\"item-category\">\r\n                                    <a href=\"https:\/\/focilmed.com\/es\/doctor-category\/medical-assistant\/\" rel=\"tag\">Asistente m\u00e9dico<\/a>                                <\/div>\r\n                                                                                        <div class=\"entry-content\">\r\n                                    4.9 Zocdoc Overall Rating based on 7541 reviews. Make Appointment This Widget Just Use For Single Doctor Only! &nbsp; Emergency Cases Please feel welcome to contact&hellip;                                <\/div>\r\n                                                                                        <div class=\"entry-readmore\">\r\n                                    <a class=\"btn\" href=\"https:\/\/focilmed.com\/es\/doctor\/sheila_hernandez\/\">\r\n                                        <span>Leer M\u00e1s<\/span>\r\n                                        <i class=\"far fa-arrow-right\"><\/i>\r\n                                    <\/a>\r\n                                <\/div>\r\n                                                    <\/div>\r\n                    <\/div>\r\n                <\/div>\r\n                <\/div>\r\n            <div class=\"cms-grid-pagination\" data-loadmore=\"{&quot;posttype&quot;:&quot;doctor&quot;,&quot;startPage&quot;:1,&quot;maxPages&quot;:2,&quot;total&quot;:10,&quot;perpage&quot;:6,&quot;nextLink&quot;:&quot;https:\\\/\\\/focilmed.com\\\/es\\\/wp-json\\\/wp\\\/v2\\\/pages\\\/7941\\\/page\\\/2\\\/&quot;,&quot;source&quot;:&quot;&quot;,&quot;orderby&quot;:&quot;date&quot;,&quot;order&quot;:&quot;desc&quot;,&quot;limit&quot;:6,&quot;post_ids&quot;:&quot;&quot;,&quot;col_xl&quot;:4,&quot;col_lg&quot;:4,&quot;col_md&quot;:6,&quot;col_sm&quot;:6,&quot;col_xs&quot;:12,&quot;thumbnail_size&quot;:&quot;full&quot;,&quot;thumbnail_custom_dimension&quot;:{&quot;width&quot;:&quot;&quot;,&quot;height&quot;:&quot;&quot;},&quot;pagination_type&quot;:&quot;pagination&quot;,&quot;show_categories&quot;:&quot;true&quot;,&quot;show_excerpt&quot;:&quot;true&quot;,&quot;num_words&quot;:26,&quot;show_button&quot;:&quot;true&quot;,&quot;button_text&quot;:&quot;Read More&quot;,&quot;template_type&quot;:&quot;doctor_grid_layout3&quot;,&quot;tax&quot;:[]}\" data-query=\"{&quot;post_type&quot;:&quot;doctor&quot;,&quot;posts_per_page&quot;:6,&quot;order&quot;:&quot;desc&quot;,&quot;orderby&quot;:&quot;date&quot;,&quot;tax_query&quot;:{&quot;relation&quot;:&quot;OR&quot;},&quot;post__not_in&quot;:[7941]}\">\r\n                <nav class=\"navigation posts-pagination ajax\">\r\n        <div class=\"posts-page-links\">\r\n            <span aria-current=\"page\" class=\"page-numbers current\">1<\/span>\n<a class=\"page-numbers\" href=\"#2\">2<\/a>\n<a class=\"next page-numbers\" href=\"#2\"><i class=\"fac fac-arrow-right\"><\/i><\/a>        <\/div>\r\n    <\/nav>\r\n            <\/div>\r\n        <\/div>\t\t<\/div>\n\t\t\t\t<\/div>\n\t\t        <\/div>\n        <\/div>\n                        <\/div>\n        <\/section>\n        \t\t\t\t\t<\/div>","protected":false},"excerpt":{"rendered":"<p>Providing Care for The Sickest In Community. Medcity has been present in Europe since 1990, offering innovative solutions, specializing in medical services for treatment of medical infrastructure. Make Appointment Richard Muldoone Cardiology Specialist Muldoone obtained his undergraduate degree in Biomedical Engineering at Tulane University prior to attending St George&#8217;s University School of Medicine. Read More [&hellip;]<\/p>","protected":false},"author":1,"featured_media":0,"parent":0,"menu_order":0,"comment_status":"closed","ping_status":"closed","template":"","meta":{"footnotes":""},"class_list":["post-7941","page","type-page","status-publish","hentry"],"yoast_head":"<!-- This site is optimized with the Yoast SEO plugin v21.7 - https:\/\/yoast.com\/wordpress\/plugins\/seo\/ -->\n<title>Doctors Grid | FocilMed<\/title>\n<meta name=\"robots\" content=\"index, follow, max-snippet:-1, max-image-preview:large, max-video-preview:-1\" \/>\n<link rel=\"canonical\" href=\"https:\/\/focilmed.com\/es\/doctors-grid\/\" \/>\n<meta property=\"og:locale\" content=\"es_MX\" \/>\n<meta property=\"og:type\" content=\"article\" \/>\n<meta property=\"og:title\" content=\"Doctors Grid | FocilMed\" \/>\n<meta property=\"og:description\" content=\"Providing Care for The Sickest In Community. Medcity has been present in Europe since 1990, offering innovative solutions, specializing in medical services for treatment of medical infrastructure. Make Appointment Richard Muldoone Cardiology Specialist Muldoone obtained his undergraduate degree in Biomedical Engineering at Tulane University prior to attending St George&#8217;s University School of Medicine. Read More [&hellip;]\" \/>\n<meta property=\"og:url\" content=\"https:\/\/focilmed.com\/es\/doctors-grid\/\" \/>\n<meta property=\"og:site_name\" content=\"FocilMed\" \/>\n<meta property=\"article:publisher\" content=\"https:\/\/www.facebook.com\/FocilMed\" \/>\n<meta property=\"og:image\" content=\"https:\/\/7oroof.com\/tfdemos\/medcity\/wp-content\/uploads\/2020\/08\/Doctor_01.jpg\" \/>\n<meta name=\"twitter:card\" content=\"summary_large_image\" \/>\n<meta name=\"twitter:label1\" content=\"Tiempo de lectura\" \/>\n\t<meta name=\"twitter:data1\" content=\"1 minuto\" \/>\n<script type=\"application\/ld+json\" class=\"yoast-schema-graph\">{\"@context\":\"https:\/\/schema.org\",\"@graph\":[{\"@type\":\"WebPage\",\"@id\":\"https:\/\/focilmed.com\/es\/doctors-grid\/\",\"url\":\"https:\/\/focilmed.com\/es\/doctors-grid\/\",\"name\":\"Doctors Grid | FocilMed\",\"isPartOf\":{\"@id\":\"https:\/\/focilmed.com\/#website\"},\"datePublished\":\"2020-08-26T04:11:46+00:00\",\"dateModified\":\"2020-08-26T04:11:46+00:00\",\"breadcrumb\":{\"@id\":\"https:\/\/focilmed.com\/es\/doctors-grid\/#breadcrumb\"},\"inLanguage\":\"es\",\"potentialAction\":[{\"@type\":\"ReadAction\",\"target\":[\"https:\/\/focilmed.com\/es\/doctors-grid\/\"]}]},{\"@type\":\"BreadcrumbList\",\"@id\":\"https:\/\/focilmed.com\/es\/doctors-grid\/#breadcrumb\",\"itemListElement\":[{\"@type\":\"ListItem\",\"position\":1,\"name\":\"Home\",\"item\":\"https:\/\/focilmed.com\/\"},{\"@type\":\"ListItem\",\"position\":2,\"name\":\"Doctors Grid\"}]},{\"@type\":\"WebSite\",\"@id\":\"https:\/\/focilmed.com\/#website\",\"url\":\"https:\/\/focilmed.com\/\",\"name\":\"FocilMed\",\"description\":\"Caring your health over 30 years\",\"potentialAction\":[{\"@type\":\"SearchAction\",\"target\":{\"@type\":\"EntryPoint\",\"urlTemplate\":\"https:\/\/focilmed.com\/?s={search_term_string}\"},\"query-input\":\"required name=search_term_string\"}],\"inLanguage\":\"es\"}]}<\/script>\n<!-- \/ Yoast SEO plugin. -->","yoast_head_json":{"title":"Doctors Grid | FocilMed","robots":{"index":"index","follow":"follow","max-snippet":"max-snippet:-1","max-image-preview":"max-image-preview:large","max-video-preview":"max-video-preview:-1"},"canonical":"https:\/\/focilmed.com\/es\/doctors-grid\/","og_locale":"es_MX","og_type":"article","og_title":"Doctors Grid | FocilMed","og_description":"Providing Care for The Sickest In Community. Medcity has been present in Europe since 1990, offering innovative solutions, specializing in medical services for treatment of medical infrastructure. Make Appointment Richard Muldoone Cardiology Specialist Muldoone obtained his undergraduate degree in Biomedical Engineering at Tulane University prior to attending St George&#8217;s University School of Medicine. Read More [&hellip;]","og_url":"https:\/\/focilmed.com\/es\/doctors-grid\/","og_site_name":"FocilMed","article_publisher":"https:\/\/www.facebook.com\/FocilMed","og_image":[{"url":"https:\/\/7oroof.com\/tfdemos\/medcity\/wp-content\/uploads\/2020\/08\/Doctor_01.jpg"}],"twitter_card":"summary_large_image","twitter_misc":{"Tiempo de lectura":"1 minuto"},"schema":{"@context":"https:\/\/schema.org","@graph":[{"@type":"WebPage","@id":"https:\/\/focilmed.com\/es\/doctors-grid\/","url":"https:\/\/focilmed.com\/es\/doctors-grid\/","name":"Doctors Grid | FocilMed","isPartOf":{"@id":"https:\/\/focilmed.com\/#website"},"datePublished":"2020-08-26T04:11:46+00:00","dateModified":"2020-08-26T04:11:46+00:00","breadcrumb":{"@id":"https:\/\/focilmed.com\/es\/doctors-grid\/#breadcrumb"},"inLanguage":"es","potentialAction":[{"@type":"ReadAction","target":["https:\/\/focilmed.com\/es\/doctors-grid\/"]}]},{"@type":"BreadcrumbList","@id":"https:\/\/focilmed.com\/es\/doctors-grid\/#breadcrumb","itemListElement":[{"@type":"ListItem","position":1,"name":"Home","item":"https:\/\/focilmed.com\/"},{"@type":"ListItem","position":2,"name":"Doctors Grid"}]},{"@type":"WebSite","@id":"https:\/\/focilmed.com\/#website","url":"https:\/\/focilmed.com\/","name":"FocilMed","description":"Caring your health over 30 years","potentialAction":[{"@type":"SearchAction","target":{"@type":"EntryPoint","urlTemplate":"https:\/\/focilmed.com\/?s={search_term_string}"},"query-input":"required name=search_term_string"}],"inLanguage":"es"}]}},"_links":{"self":[{"href":"https:\/\/focilmed.com\/es\/wp-json\/wp\/v2\/pages\/7941","targetHints":{"allow":["GET"]}}],"collection":[{"href":"https:\/\/focilmed.com\/es\/wp-json\/wp\/v2\/pages"}],"about":[{"href":"https:\/\/focilmed.com\/es\/wp-json\/wp\/v2\/types\/page"}],"author":[{"embeddable":true,"href":"https:\/\/focilmed.com\/es\/wp-json\/wp\/v2\/users\/1"}],"replies":[{"embeddable":true,"href":"https:\/\/focilmed.com\/es\/wp-json\/wp\/v2\/comments?post=7941"}],"version-history":[{"count":0,"href":"https:\/\/focilmed.com\/es\/wp-json\/wp\/v2\/pages\/7941\/revisions"}],"wp:attachment":[{"href":"https:\/\/focilmed.com\/es\/wp-json\/wp\/v2\/media?parent=7941"}],"curies":[{"name":"wp","href":"https:\/\/api.w.org\/{rel}","templated":true}]}}