{"id":14466,"date":"2022-07-19T20:51:35","date_gmt":"2022-07-19T20:51:35","guid":{"rendered":"https:\/\/futurewebtestingnow.online\/?page_id=14466"},"modified":"2022-11-03T06:17:30","modified_gmt":"2022-11-03T06:17:30","slug":"immigration-physical-exams","status":"publish","type":"page","link":"https:\/\/focilmed.com\/es\/immigration-physical-exams\/","title":{"rendered":"Ex\u00e1menes f\u00edsicos de inmigraci\u00f3n"},"content":{"rendered":"<div data-elementor-type=\"wp-page\" data-elementor-id=\"14466\" class=\"elementor elementor-14466\">\n\t\t\t\t\t\t\t        <section class=\"elementor-section elementor-top-section elementor-element elementor-element-dd0d2f1 elementor-section-boxed elementor-section-height-default elementor-section-height-default\" data-id=\"dd0d2f1\" data-element_type=\"section\">\n        \n                <div class=\"elementor-container elementor-column-gap-default\">\n                <div class=\"elementor-column elementor-col-100 elementor-top-column elementor-element elementor-element-c459409\" data-id=\"c459409\" data-element_type=\"column\">\n        <div class=\"elementor-widget-wrap elementor-element-populated\">\n                        \t\t<div class=\"elementor-element elementor-element-caa12b8 elementor-widget elementor-widget-image\" data-id=\"caa12b8\" data-element_type=\"widget\" data-widget_type=\"image.default\">\n\t\t\t\t<div class=\"elementor-widget-container\">\n\t\t\t<style>\/*! elementor - v3.18.0 - 08-12-2023 *\/\n.elementor-widget-image{text-align:center}.elementor-widget-image a{display:inline-block}.elementor-widget-image a img[src$=\".svg\"]{width:48px}.elementor-widget-image img{vertical-align:middle;display:inline-block}<\/style>\t\t\t\t\t\t\t\t\t\t\t\t<img fetchpriority=\"high\" decoding=\"async\" width=\"2560\" height=\"1707\" src=\"https:\/\/focilmed.com\/wp-content\/uploads\/2022\/07\/filling-document-scaled.jpg\" class=\"attachment-full size-full wp-image-14518\" alt=\"Immigration Physical Exams\" srcset=\"https:\/\/focilmed.com\/wp-content\/uploads\/2022\/07\/filling-document-scaled.jpg 2560w, https:\/\/focilmed.com\/wp-content\/uploads\/2022\/07\/filling-document-300x200.jpg 300w, https:\/\/focilmed.com\/wp-content\/uploads\/2022\/07\/filling-document-1024x683.jpg 1024w, https:\/\/focilmed.com\/wp-content\/uploads\/2022\/07\/filling-document-768x512.jpg 768w, https:\/\/focilmed.com\/wp-content\/uploads\/2022\/07\/filling-document-1536x1024.jpg 1536w, https:\/\/focilmed.com\/wp-content\/uploads\/2022\/07\/filling-document-2048x1365.jpg 2048w, https:\/\/focilmed.com\/wp-content\/uploads\/2022\/07\/filling-document-600x400.jpg 600w\" sizes=\"(max-width: 2560px) 100vw, 2560px\" \/>\t\t\t\t\t\t\t\t\t\t\t\t\t\t\t<\/div>\n\t\t\t\t<\/div>\n\t\t\t\t<div class=\"elementor-element elementor-element-dc17fc9 elementor-widget elementor-widget-text-editor\" data-id=\"dc17fc9\" data-element_type=\"widget\" data-widget_type=\"text-editor.default\">\n\t\t\t\t<div class=\"elementor-widget-container\">\n\t\t\t<style>\/*! elementor - v3.18.0 - 08-12-2023 *\/\n.elementor-widget-text-editor.elementor-drop-cap-view-stacked .elementor-drop-cap{background-color:#69727d;color:#fff}.elementor-widget-text-editor.elementor-drop-cap-view-framed .elementor-drop-cap{color:#69727d;border:3px solid;background-color:transparent}.elementor-widget-text-editor:not(.elementor-drop-cap-view-default) .elementor-drop-cap{margin-top:8px}.elementor-widget-text-editor:not(.elementor-drop-cap-view-default) .elementor-drop-cap-letter{width:1em;height:1em}.elementor-widget-text-editor .elementor-drop-cap{float:left;text-align:center;line-height:1;font-size:50px}.elementor-widget-text-editor .elementor-drop-cap-letter{display:inline-block}<\/style>\t\t\t\t<p class=\" translation-block\">FocilMed es una de las principales cl\u00ednicas m\u00e9dicas autorizadas desde 2005 por el Servicio de Ciudadan\u00eda e Inmigraci\u00f3n de los Estados Unidos (USCIS) para realizar el examen m\u00e9dico de inmigraci\u00f3n requerido.\u00a0<\/p>\t\t\t\t\t\t<\/div>\n\t\t\t\t<\/div>\n\t\t        <\/div>\n        <\/div>\n                        <\/div>\n        <\/section>\n                <section class=\"elementor-section elementor-top-section elementor-element elementor-element-c7fa495 elementor-section-boxed elementor-section-height-default elementor-section-height-default\" data-id=\"c7fa495\" data-element_type=\"section\">\n        \n                <div class=\"elementor-container elementor-column-gap-default\">\n                <div class=\"elementor-column elementor-col-66 elementor-top-column elementor-element elementor-element-3b7dfc7\" data-id=\"3b7dfc7\" data-element_type=\"column\">\n        <div class=\"elementor-widget-wrap elementor-element-populated\">\n                        \t\t<div class=\"elementor-element elementor-element-6381bf4 elementor-widget elementor-widget-cms_heading\" data-id=\"6381bf4\" data-element_type=\"widget\" data-widget_type=\"cms_heading.default\">\n\t\t\t\t<div class=\"elementor-widget-container\">\n\t\t\t<div class=\"cms-heading-wrapper cms-heading-layout1\">\r\n    \r\n            <h2 class=\"custom-heading\">\r\n            <span >Los ex\u00e1menes m\u00e9dicos de inmigraci\u00f3n consisten en:<\/span>\r\n        <\/h2>\r\n        \r\n    <\/div>\t\t<\/div>\n\t\t\t\t<\/div>\n\t\t\t\t<div class=\"elementor-element elementor-element-677748a elementor-widget-divider--view-line elementor-widget elementor-widget-divider\" data-id=\"677748a\" data-element_type=\"widget\" data-widget_type=\"divider.default\">\n\t\t\t\t<div class=\"elementor-widget-container\">\n\t\t\t<style>\/*! elementor - v3.18.0 - 08-12-2023 *\/\n.elementor-widget-divider{--divider-border-style:none;--divider-border-width:1px;--divider-color:#0c0d0e;--divider-icon-size:20px;--divider-element-spacing:10px;--divider-pattern-height:24px;--divider-pattern-size:20px;--divider-pattern-url:none;--divider-pattern-repeat:repeat-x}.elementor-widget-divider .elementor-divider{display:flex}.elementor-widget-divider .elementor-divider__text{font-size:15px;line-height:1;max-width:95%}.elementor-widget-divider .elementor-divider__element{margin:0 var(--divider-element-spacing);flex-shrink:0}.elementor-widget-divider .elementor-icon{font-size:var(--divider-icon-size)}.elementor-widget-divider .elementor-divider-separator{display:flex;margin:0;direction:ltr}.elementor-widget-divider--view-line_icon .elementor-divider-separator,.elementor-widget-divider--view-line_text .elementor-divider-separator{align-items:center}.elementor-widget-divider--view-line_icon .elementor-divider-separator:after,.elementor-widget-divider--view-line_icon .elementor-divider-separator:before,.elementor-widget-divider--view-line_text .elementor-divider-separator:after,.elementor-widget-divider--view-line_text .elementor-divider-separator:before{display:block;content:\"\";border-bottom:0;flex-grow:1;border-top:var(--divider-border-width) var(--divider-border-style) var(--divider-color)}.elementor-widget-divider--element-align-left .elementor-divider .elementor-divider-separator>.elementor-divider__svg:first-of-type{flex-grow:0;flex-shrink:100}.elementor-widget-divider--element-align-left .elementor-divider-separator:before{content:none}.elementor-widget-divider--element-align-left .elementor-divider__element{margin-left:0}.elementor-widget-divider--element-align-right .elementor-divider .elementor-divider-separator>.elementor-divider__svg:last-of-type{flex-grow:0;flex-shrink:100}.elementor-widget-divider--element-align-right .elementor-divider-separator:after{content:none}.elementor-widget-divider--element-align-right .elementor-divider__element{margin-right:0}.elementor-widget-divider:not(.elementor-widget-divider--view-line_text):not(.elementor-widget-divider--view-line_icon) .elementor-divider-separator{border-top:var(--divider-border-width) var(--divider-border-style) var(--divider-color)}.elementor-widget-divider--separator-type-pattern{--divider-border-style:none}.elementor-widget-divider--separator-type-pattern.elementor-widget-divider--view-line .elementor-divider-separator,.elementor-widget-divider--separator-type-pattern:not(.elementor-widget-divider--view-line) .elementor-divider-separator:after,.elementor-widget-divider--separator-type-pattern:not(.elementor-widget-divider--view-line) .elementor-divider-separator:before,.elementor-widget-divider--separator-type-pattern:not([class*=elementor-widget-divider--view]) .elementor-divider-separator{width:100%;min-height:var(--divider-pattern-height);-webkit-mask-size:var(--divider-pattern-size) 100%;mask-size:var(--divider-pattern-size) 100%;-webkit-mask-repeat:var(--divider-pattern-repeat);mask-repeat:var(--divider-pattern-repeat);background-color:var(--divider-color);-webkit-mask-image:var(--divider-pattern-url);mask-image:var(--divider-pattern-url)}.elementor-widget-divider--no-spacing{--divider-pattern-size:auto}.elementor-widget-divider--bg-round{--divider-pattern-repeat:round}.rtl .elementor-widget-divider .elementor-divider__text{direction:rtl}.e-con-inner>.elementor-widget-divider,.e-con>.elementor-widget-divider{width:var(--container-widget-width,100%);--flex-grow:var(--container-widget-flex-grow)}<\/style>\t\t<div class=\"elementor-divider\">\n\t\t\t<span class=\"elementor-divider-separator\">\n\t\t\t\t\t\t<\/span>\n\t\t<\/div>\n\t\t\t\t<\/div>\n\t\t\t\t<\/div>\n\t\t\t\t<div class=\"elementor-element elementor-element-d65392d elementor-icon-list--layout-traditional elementor-list-item-link-full_width elementor-widget elementor-widget-icon-list\" data-id=\"d65392d\" data-element_type=\"widget\" data-widget_type=\"icon-list.default\">\n\t\t\t\t<div class=\"elementor-widget-container\">\n\t\t\t<link rel=\"stylesheet\" href=\"https:\/\/focilmed.com\/wp-content\/plugins\/elementor\/assets\/css\/widget-icon-list.min.css\">\t\t<ul class=\"elementor-icon-list-items\">\n\t\t\t\t\t\t\t<li class=\"elementor-icon-list-item\">\n\t\t\t\t\t\t\t\t\t\t\t<span class=\"elementor-icon-list-icon\">\n\t\t\t\t\t\t\t<i aria-hidden=\"true\" class=\"fas fa-chevron-right\"><\/i>\t\t\t\t\t\t<\/span>\n\t\t\t\t\t\t\t\t\t\t<span class=\"elementor-icon-list-text\">Un examen f\u00edsico<\/span>\n\t\t\t\t\t\t\t\t\t<\/li>\n\t\t\t\t\t\t\t\t<li class=\"elementor-icon-list-item\">\n\t\t\t\t\t\t\t\t\t\t\t<span class=\"elementor-icon-list-icon\">\n\t\t\t\t\t\t\t<i aria-hidden=\"true\" class=\"fas fa-chevron-right\"><\/i>\t\t\t\t\t\t<\/span>\n\t\t\t\t\t\t\t\t\t\t<span class=\"elementor-icon-list-text\">Una evaluaci\u00f3n psicol\u00f3gica<\/span>\n\t\t\t\t\t\t\t\t\t<\/li>\n\t\t\t\t\t\t\t\t<li class=\"elementor-icon-list-item\">\n\t\t\t\t\t\t\t\t\t\t\t<span class=\"elementor-icon-list-icon\">\n\t\t\t\t\t\t\t<i aria-hidden=\"true\" class=\"fas fa-chevron-right\"><\/i>\t\t\t\t\t\t<\/span>\n\t\t\t\t\t\t\t\t\t\t<span class=\"elementor-icon-list-text\">Control de drogas y alcohol<\/span>\n\t\t\t\t\t\t\t\t\t<\/li>\n\t\t\t\t\t\t\t\t<li class=\"elementor-icon-list-item\">\n\t\t\t\t\t\t\t\t\t\t\t<span class=\"elementor-icon-list-icon\">\n\t\t\t\t\t\t\t<i aria-hidden=\"true\" class=\"fas fa-chevron-right\"><\/i>\t\t\t\t\t\t<\/span>\n\t\t\t\t\t\t\t\t\t\t<span class=\"elementor-icon-list-text\">Prueba cut\u00e1nea de la tuberculosis (TB) para mayores de 15 a\u00f1os.<\/span>\n\t\t\t\t\t\t\t\t\t<\/li>\n\t\t\t\t\t\t\t\t<li class=\"elementor-icon-list-item\">\n\t\t\t\t\t\t\t\t\t\t\t<span class=\"elementor-icon-list-icon\">\n\t\t\t\t\t\t\t<i aria-hidden=\"true\" class=\"fas fa-chevron-right\"><\/i>\t\t\t\t\t\t<\/span>\n\t\t\t\t\t\t\t\t\t\t<span class=\"elementor-icon-list-text\">Pruebas para otras enfermedades y dolencias diversas <\/span>\n\t\t\t\t\t\t\t\t\t<\/li>\n\t\t\t\t\t\t\t\t<li class=\"elementor-icon-list-item\">\n\t\t\t\t\t\t\t\t\t\t\t<span class=\"elementor-icon-list-icon\">\n\t\t\t\t\t\t\t<i aria-hidden=\"true\" class=\"fas fa-chevron-right\"><\/i>\t\t\t\t\t\t<\/span>\n\t\t\t\t\t\t\t\t\t\t<span class=\"elementor-icon-list-text\">Una revisi\u00f3n de su historial m\u00e9dico y de su cartilla de vacunaci\u00f3n<\/span>\n\t\t\t\t\t\t\t\t\t<\/li>\n\t\t\t\t\t\t<\/ul>\n\t\t\t\t<\/div>\n\t\t\t\t<\/div>\n\t\t        <\/div>\n        <\/div>\n                <div class=\"elementor-column elementor-col-33 elementor-top-column elementor-element elementor-element-4f649dd\" data-id=\"4f649dd\" data-element_type=\"column\">\n        <div class=\"elementor-widget-wrap elementor-element-populated\">\n                                <section class=\"elementor-section elementor-inner-section elementor-element elementor-element-7f034d2 elementor-section-boxed elementor-section-height-default elementor-section-height-default\" data-id=\"7f034d2\" data-element_type=\"section\">\n        \n                <div class=\"elementor-container elementor-column-gap-default\">\n                <div class=\"elementor-column elementor-col-100 elementor-inner-column elementor-element elementor-element-6299a0a\" data-id=\"6299a0a\" data-element_type=\"column\" data-settings=\"{&quot;background_background&quot;:&quot;classic&quot;}\">\n        <div class=\"elementor-widget-wrap elementor-element-populated\">\n                        \t\t<div class=\"elementor-element elementor-element-af84f76 elementor-widget elementor-widget-cms_heading\" data-id=\"af84f76\" data-element_type=\"widget\" data-widget_type=\"cms_heading.default\">\n\t\t\t\t<div class=\"elementor-widget-container\">\n\t\t\t<div class=\"cms-heading-wrapper cms-heading-layout1\">\r\n    \r\n            <h2 class=\"custom-heading\">\r\n            <span >Cont\u00e1ctenos<\/span>\r\n        <\/h2>\r\n        \r\n            <div class=\"custom-heading-description\">Si tiene alguna pregunta de car\u00e1cter general o m\u00e9dica, no dude en ponerse en contacto con nuestro personal de recepci\u00f3n.<\/div>\r\n    <\/div>\t\t<\/div>\n\t\t\t\t<\/div>\n\t\t\t\t<div class=\"elementor-element elementor-element-c284ca3 elementor-view-stacked elementor-shape-circle elementor-widget elementor-widget-icon\" data-id=\"c284ca3\" data-element_type=\"widget\" data-widget_type=\"icon.default\">\n\t\t\t\t<div class=\"elementor-widget-container\">\n\t\t\t\t\t<div class=\"elementor-icon-wrapper\">\n\t\t\t<div class=\"elementor-icon\">\n\t\t\t<i aria-hidden=\"true\" class=\"fas fa-phone-alt\"><\/i>\t\t\t<\/div>\n\t\t<\/div>\n\t\t\t\t<\/div>\n\t\t\t\t<\/div>\n\t\t\t\t<div class=\"elementor-element elementor-element-67f4ea6 elementor-widget elementor-widget-cms_heading\" data-id=\"67f4ea6\" data-element_type=\"widget\" data-widget_type=\"cms_heading.default\">\n\t\t\t\t<div class=\"elementor-widget-container\">\n\t\t\t<div class=\"cms-heading-wrapper cms-heading-layout1\">\r\n    \r\n            <h2 class=\"custom-heading\">\r\n            <span >805-486-6565<\/span>\r\n        <\/h2>\r\n        \r\n    <\/div>\t\t<\/div>\n\t\t\t\t<\/div>\n\t\t        <\/div>\n        <\/div>\n                        <\/div>\n        <\/section>\n                <\/div>\n        <\/div>\n                        <\/div>\n        <\/section>\n        \t\t\t\t\t<\/div>","protected":false},"excerpt":{"rendered":"<p>FocilMed is one of the leading medical clinics authorized since 2005 by the U.S Citizenship and Immigration Services (USCIS) to perform the required immigration medical exam. The immigration medical exams consists: A physical examination A psychological Evaluation Drug and alcohol screening Tuberculosis (TB) skin test for those over 15 years of age. Tests for other [&hellip;]<\/p>","protected":false},"author":1,"featured_media":14518,"parent":0,"menu_order":0,"comment_status":"closed","ping_status":"closed","template":"","meta":{"footnotes":""},"class_list":["post-14466","page","type-page","status-publish","has-post-thumbnail","hentry"],"yoast_head":"<!-- This site is optimized with the Yoast SEO plugin v21.7 - https:\/\/yoast.com\/wordpress\/plugins\/seo\/ -->\n<title>Immigration Physical Exams \u2502 FocilMed<\/title>\n<meta name=\"description\" content=\"FocilMed is one of the leading medical clinics authorized since 2005 by the U.S Citizenship and Immigration Services\" \/>\n<meta name=\"robots\" content=\"index, follow, max-snippet:-1, max-image-preview:large, max-video-preview:-1\" \/>\n<link rel=\"canonical\" href=\"https:\/\/focilmed.com\/es\/immigration-physical-exams\/\" \/>\n<meta property=\"og:locale\" content=\"es_MX\" \/>\n<meta property=\"og:type\" content=\"article\" \/>\n<meta property=\"og:title\" content=\"Immigration Physical Exams \u2502 FocilMed\" \/>\n<meta property=\"og:description\" content=\"FocilMed is one of the leading medical clinics authorized since 2005 by the U.S Citizenship and Immigration Services\" \/>\n<meta property=\"og:url\" content=\"https:\/\/focilmed.com\/es\/immigration-physical-exams\/\" \/>\n<meta property=\"og:site_name\" content=\"FocilMed\" \/>\n<meta property=\"article:publisher\" content=\"https:\/\/www.facebook.com\/FocilMed\" \/>\n<meta property=\"article:modified_time\" content=\"2022-11-03T06:17:30+00:00\" \/>\n<meta property=\"og:image\" content=\"https:\/\/focilmed.com\/wp-content\/uploads\/2022\/07\/filling-document-scaled.jpg\" \/>\n\t<meta property=\"og:image:width\" content=\"2560\" \/>\n\t<meta property=\"og:image:height\" content=\"1707\" \/>\n\t<meta property=\"og:image:type\" content=\"image\/jpeg\" \/>\n<meta name=\"twitter:card\" content=\"summary_large_image\" \/>\n<meta name=\"twitter:label1\" content=\"Tiempo de lectura\" \/>\n\t<meta name=\"twitter:data1\" content=\"1 minuto\" \/>\n<script type=\"application\/ld+json\" class=\"yoast-schema-graph\">{\"@context\":\"https:\/\/schema.org\",\"@graph\":[{\"@type\":\"WebPage\",\"@id\":\"https:\/\/focilmed.com\/immigration-physical-exams\/\",\"url\":\"https:\/\/focilmed.com\/immigration-physical-exams\/\",\"name\":\"Immigration Physical Exams \u2502 FocilMed\",\"isPartOf\":{\"@id\":\"https:\/\/focilmed.com\/#website\"},\"datePublished\":\"2022-07-19T20:51:35+00:00\",\"dateModified\":\"2022-11-03T06:17:30+00:00\",\"description\":\"FocilMed is one of the leading medical clinics authorized since 2005 by the U.S Citizenship and Immigration Services\",\"breadcrumb\":{\"@id\":\"https:\/\/focilmed.com\/immigration-physical-exams\/#breadcrumb\"},\"inLanguage\":\"es\",\"potentialAction\":[{\"@type\":\"ReadAction\",\"target\":[\"https:\/\/focilmed.com\/immigration-physical-exams\/\"]}]},{\"@type\":\"BreadcrumbList\",\"@id\":\"https:\/\/focilmed.com\/immigration-physical-exams\/#breadcrumb\",\"itemListElement\":[{\"@type\":\"ListItem\",\"position\":1,\"name\":\"Home\",\"item\":\"https:\/\/focilmed.com\/\"},{\"@type\":\"ListItem\",\"position\":2,\"name\":\"Immigration Physical Exams\"}]},{\"@type\":\"WebSite\",\"@id\":\"https:\/\/focilmed.com\/#website\",\"url\":\"https:\/\/focilmed.com\/\",\"name\":\"FocilMed\",\"description\":\"Caring your health over 30 years\",\"potentialAction\":[{\"@type\":\"SearchAction\",\"target\":{\"@type\":\"EntryPoint\",\"urlTemplate\":\"https:\/\/focilmed.com\/?s={search_term_string}\"},\"query-input\":\"required name=search_term_string\"}],\"inLanguage\":\"es\"}]}<\/script>\n<!-- \/ Yoast SEO plugin. -->","yoast_head_json":{"title":"Immigration Physical Exams \u2502 FocilMed","description":"FocilMed is one of the leading medical clinics authorized since 2005 by the U.S Citizenship and Immigration Services","robots":{"index":"index","follow":"follow","max-snippet":"max-snippet:-1","max-image-preview":"max-image-preview:large","max-video-preview":"max-video-preview:-1"},"canonical":"https:\/\/focilmed.com\/es\/immigration-physical-exams\/","og_locale":"es_MX","og_type":"article","og_title":"Immigration Physical Exams \u2502 FocilMed","og_description":"FocilMed is one of the leading medical clinics authorized since 2005 by the U.S Citizenship and Immigration Services","og_url":"https:\/\/focilmed.com\/es\/immigration-physical-exams\/","og_site_name":"FocilMed","article_publisher":"https:\/\/www.facebook.com\/FocilMed","article_modified_time":"2022-11-03T06:17:30+00:00","og_image":[{"width":2560,"height":1707,"url":"https:\/\/focilmed.com\/wp-content\/uploads\/2022\/07\/filling-document-scaled.jpg","type":"image\/jpeg"}],"twitter_card":"summary_large_image","twitter_misc":{"Tiempo de lectura":"1 minuto"},"schema":{"@context":"https:\/\/schema.org","@graph":[{"@type":"WebPage","@id":"https:\/\/focilmed.com\/immigration-physical-exams\/","url":"https:\/\/focilmed.com\/immigration-physical-exams\/","name":"Immigration Physical Exams \u2502 FocilMed","isPartOf":{"@id":"https:\/\/focilmed.com\/#website"},"datePublished":"2022-07-19T20:51:35+00:00","dateModified":"2022-11-03T06:17:30+00:00","description":"FocilMed is one of the leading medical clinics authorized since 2005 by the U.S Citizenship and Immigration Services","breadcrumb":{"@id":"https:\/\/focilmed.com\/immigration-physical-exams\/#breadcrumb"},"inLanguage":"es","potentialAction":[{"@type":"ReadAction","target":["https:\/\/focilmed.com\/immigration-physical-exams\/"]}]},{"@type":"BreadcrumbList","@id":"https:\/\/focilmed.com\/immigration-physical-exams\/#breadcrumb","itemListElement":[{"@type":"ListItem","position":1,"name":"Home","item":"https:\/\/focilmed.com\/"},{"@type":"ListItem","position":2,"name":"Immigration Physical Exams"}]},{"@type":"WebSite","@id":"https:\/\/focilmed.com\/#website","url":"https:\/\/focilmed.com\/","name":"FocilMed","description":"Caring your health over 30 years","potentialAction":[{"@type":"SearchAction","target":{"@type":"EntryPoint","urlTemplate":"https:\/\/focilmed.com\/?s={search_term_string}"},"query-input":"required name=search_term_string"}],"inLanguage":"es"}]}},"_links":{"self":[{"href":"https:\/\/focilmed.com\/es\/wp-json\/wp\/v2\/pages\/14466","targetHints":{"allow":["GET"]}}],"collection":[{"href":"https:\/\/focilmed.com\/es\/wp-json\/wp\/v2\/pages"}],"about":[{"href":"https:\/\/focilmed.com\/es\/wp-json\/wp\/v2\/types\/page"}],"author":[{"embeddable":true,"href":"https:\/\/focilmed.com\/es\/wp-json\/wp\/v2\/users\/1"}],"replies":[{"embeddable":true,"href":"https:\/\/focilmed.com\/es\/wp-json\/wp\/v2\/comments?post=14466"}],"version-history":[{"count":131,"href":"https:\/\/focilmed.com\/es\/wp-json\/wp\/v2\/pages\/14466\/revisions"}],"predecessor-version":[{"id":16240,"href":"https:\/\/focilmed.com\/es\/wp-json\/wp\/v2\/pages\/14466\/revisions\/16240"}],"wp:featuredmedia":[{"embeddable":true,"href":"https:\/\/focilmed.com\/es\/wp-json\/wp\/v2\/media\/14518"}],"wp:attachment":[{"href":"https:\/\/focilmed.com\/es\/wp-json\/wp\/v2\/media?parent=14466"}],"curies":[{"name":"wp","href":"https:\/\/api.w.org\/{rel}","templated":true}]}}