{"id":14388,"date":"2022-07-19T19:07:09","date_gmt":"2022-07-19T19:07:09","guid":{"rendered":"https:\/\/futurewebtestingnow.online\/?page_id=14388"},"modified":"2023-04-20T21:09:47","modified_gmt":"2023-04-20T21:09:47","slug":"ambulatory-care","status":"publish","type":"page","link":"https:\/\/focilmed.com\/es\/ambulatory-care\/","title":{"rendered":"Atenci\u00f3n Ambulatoria"},"content":{"rendered":"<div data-elementor-type=\"wp-page\" data-elementor-id=\"14388\" class=\"elementor elementor-14388\">\n\t\t\t\t\t\t\t        <section class=\"elementor-section elementor-top-section elementor-element elementor-element-a536423 elementor-section-boxed elementor-section-height-default elementor-section-height-default\" data-id=\"a536423\" data-element_type=\"section\">\n        \n                <div class=\"elementor-container elementor-column-gap-default\">\n                <div class=\"elementor-column elementor-col-100 elementor-top-column elementor-element elementor-element-6c76f14\" data-id=\"6c76f14\" data-element_type=\"column\">\n        <div class=\"elementor-widget-wrap elementor-element-populated\">\n                        \t\t<div class=\"elementor-element elementor-element-0276072 elementor-widget elementor-widget-image\" data-id=\"0276072\" data-element_type=\"widget\" data-widget_type=\"image.default\">\n\t\t\t\t<div class=\"elementor-widget-container\">\n\t\t\t<style>\/*! elementor - v3.18.0 - 08-12-2023 *\/\n.elementor-widget-image{text-align:center}.elementor-widget-image a{display:inline-block}.elementor-widget-image a img[src$=\".svg\"]{width:48px}.elementor-widget-image img{vertical-align:middle;display:inline-block}<\/style>\t\t\t\t\t\t\t\t\t\t\t\t<img fetchpriority=\"high\" decoding=\"async\" width=\"2560\" height=\"1707\" src=\"https:\/\/focilmed.com\/wp-content\/uploads\/2022\/07\/many-kind-medical-equipment-manage-surgeon-start-operations-operating-room-scaled.jpg\" class=\"attachment-full size-full wp-image-14458\" alt=\"Ambulatory Care\" srcset=\"https:\/\/focilmed.com\/wp-content\/uploads\/2022\/07\/many-kind-medical-equipment-manage-surgeon-start-operations-operating-room-scaled.jpg 2560w, https:\/\/focilmed.com\/wp-content\/uploads\/2022\/07\/many-kind-medical-equipment-manage-surgeon-start-operations-operating-room-300x200.jpg 300w, https:\/\/focilmed.com\/wp-content\/uploads\/2022\/07\/many-kind-medical-equipment-manage-surgeon-start-operations-operating-room-1024x683.jpg 1024w, https:\/\/focilmed.com\/wp-content\/uploads\/2022\/07\/many-kind-medical-equipment-manage-surgeon-start-operations-operating-room-768x512.jpg 768w, https:\/\/focilmed.com\/wp-content\/uploads\/2022\/07\/many-kind-medical-equipment-manage-surgeon-start-operations-operating-room-1536x1024.jpg 1536w, https:\/\/focilmed.com\/wp-content\/uploads\/2022\/07\/many-kind-medical-equipment-manage-surgeon-start-operations-operating-room-2048x1365.jpg 2048w, https:\/\/focilmed.com\/wp-content\/uploads\/2022\/07\/many-kind-medical-equipment-manage-surgeon-start-operations-operating-room-600x400.jpg 600w\" sizes=\"(max-width: 2560px) 100vw, 2560px\" \/>\t\t\t\t\t\t\t\t\t\t\t\t\t\t\t<\/div>\n\t\t\t\t<\/div>\n\t\t\t\t<div class=\"elementor-element elementor-element-3389a4b elementor-widget elementor-widget-text-editor\" data-id=\"3389a4b\" data-element_type=\"widget\" data-widget_type=\"text-editor.default\">\n\t\t\t\t<div class=\"elementor-widget-container\">\n\t\t\t<style>\/*! elementor - v3.18.0 - 08-12-2023 *\/\n.elementor-widget-text-editor.elementor-drop-cap-view-stacked .elementor-drop-cap{background-color:#69727d;color:#fff}.elementor-widget-text-editor.elementor-drop-cap-view-framed .elementor-drop-cap{color:#69727d;border:3px solid;background-color:transparent}.elementor-widget-text-editor:not(.elementor-drop-cap-view-default) .elementor-drop-cap{margin-top:8px}.elementor-widget-text-editor:not(.elementor-drop-cap-view-default) .elementor-drop-cap-letter{width:1em;height:1em}.elementor-widget-text-editor .elementor-drop-cap{float:left;text-align:center;line-height:1;font-size:50px}.elementor-widget-text-editor .elementor-drop-cap-letter{display:inline-block}<\/style>\t\t\t\t<p class=\" translation-block\">FocilMed cuenta con un especialista altamente capacitado para tratar cualquier necesidad de atenci\u00f3n urgente. Con tiempos de espera m\u00e1s cortos y menor costo que una sala de emergencias. No dude en acudir durante o despu\u00e9s del horario de atenci\u00f3n. No es necesario solicitar cita previa. Aceptamos la mayor\u00eda de los planes de seguros y ofrecemos tarifas asequibles en efectivo.\u00a0<\/p>\t\t\t\t\t\t<\/div>\n\t\t\t\t<\/div>\n\t\t        <\/div>\n        <\/div>\n                        <\/div>\n        <\/section>\n                <section class=\"elementor-section elementor-top-section elementor-element elementor-element-5636ae1 elementor-section-boxed elementor-section-height-default elementor-section-height-default\" data-id=\"5636ae1\" data-element_type=\"section\">\n        \n                <div class=\"elementor-container elementor-column-gap-default\">\n                <div class=\"elementor-column elementor-col-66 elementor-top-column elementor-element elementor-element-68c8e01\" data-id=\"68c8e01\" data-element_type=\"column\">\n        <div class=\"elementor-widget-wrap elementor-element-populated\">\n                        \t\t<div class=\"elementor-element elementor-element-c6babb8 elementor-widget elementor-widget-cms_heading\" data-id=\"c6babb8\" data-element_type=\"widget\" data-widget_type=\"cms_heading.default\">\n\t\t\t\t<div class=\"elementor-widget-container\">\n\t\t\t<div class=\"cms-heading-wrapper cms-heading-layout1\">\r\n    \r\n            <h2 class=\"custom-heading\">\r\n            <span >Le proporcionamos los siguientes servicios<\/span>\r\n        <\/h2>\r\n        \r\n    <\/div>\t\t<\/div>\n\t\t\t\t<\/div>\n\t\t\t\t<div class=\"elementor-element elementor-element-4a87af0 elementor-widget-divider--view-line elementor-widget elementor-widget-divider\" data-id=\"4a87af0\" data-element_type=\"widget\" data-widget_type=\"divider.default\">\n\t\t\t\t<div class=\"elementor-widget-container\">\n\t\t\t<style>\/*! elementor - v3.18.0 - 08-12-2023 *\/\n.elementor-widget-divider{--divider-border-style:none;--divider-border-width:1px;--divider-color:#0c0d0e;--divider-icon-size:20px;--divider-element-spacing:10px;--divider-pattern-height:24px;--divider-pattern-size:20px;--divider-pattern-url:none;--divider-pattern-repeat:repeat-x}.elementor-widget-divider .elementor-divider{display:flex}.elementor-widget-divider .elementor-divider__text{font-size:15px;line-height:1;max-width:95%}.elementor-widget-divider .elementor-divider__element{margin:0 var(--divider-element-spacing);flex-shrink:0}.elementor-widget-divider .elementor-icon{font-size:var(--divider-icon-size)}.elementor-widget-divider .elementor-divider-separator{display:flex;margin:0;direction:ltr}.elementor-widget-divider--view-line_icon .elementor-divider-separator,.elementor-widget-divider--view-line_text .elementor-divider-separator{align-items:center}.elementor-widget-divider--view-line_icon .elementor-divider-separator:after,.elementor-widget-divider--view-line_icon .elementor-divider-separator:before,.elementor-widget-divider--view-line_text .elementor-divider-separator:after,.elementor-widget-divider--view-line_text .elementor-divider-separator:before{display:block;content:\"\";border-bottom:0;flex-grow:1;border-top:var(--divider-border-width) var(--divider-border-style) var(--divider-color)}.elementor-widget-divider--element-align-left .elementor-divider .elementor-divider-separator>.elementor-divider__svg:first-of-type{flex-grow:0;flex-shrink:100}.elementor-widget-divider--element-align-left .elementor-divider-separator:before{content:none}.elementor-widget-divider--element-align-left .elementor-divider__element{margin-left:0}.elementor-widget-divider--element-align-right .elementor-divider .elementor-divider-separator>.elementor-divider__svg:last-of-type{flex-grow:0;flex-shrink:100}.elementor-widget-divider--element-align-right .elementor-divider-separator:after{content:none}.elementor-widget-divider--element-align-right .elementor-divider__element{margin-right:0}.elementor-widget-divider:not(.elementor-widget-divider--view-line_text):not(.elementor-widget-divider--view-line_icon) .elementor-divider-separator{border-top:var(--divider-border-width) var(--divider-border-style) var(--divider-color)}.elementor-widget-divider--separator-type-pattern{--divider-border-style:none}.elementor-widget-divider--separator-type-pattern.elementor-widget-divider--view-line .elementor-divider-separator,.elementor-widget-divider--separator-type-pattern:not(.elementor-widget-divider--view-line) .elementor-divider-separator:after,.elementor-widget-divider--separator-type-pattern:not(.elementor-widget-divider--view-line) .elementor-divider-separator:before,.elementor-widget-divider--separator-type-pattern:not([class*=elementor-widget-divider--view]) .elementor-divider-separator{width:100%;min-height:var(--divider-pattern-height);-webkit-mask-size:var(--divider-pattern-size) 100%;mask-size:var(--divider-pattern-size) 100%;-webkit-mask-repeat:var(--divider-pattern-repeat);mask-repeat:var(--divider-pattern-repeat);background-color:var(--divider-color);-webkit-mask-image:var(--divider-pattern-url);mask-image:var(--divider-pattern-url)}.elementor-widget-divider--no-spacing{--divider-pattern-size:auto}.elementor-widget-divider--bg-round{--divider-pattern-repeat:round}.rtl .elementor-widget-divider .elementor-divider__text{direction:rtl}.e-con-inner>.elementor-widget-divider,.e-con>.elementor-widget-divider{width:var(--container-widget-width,100%);--flex-grow:var(--container-widget-flex-grow)}<\/style>\t\t<div class=\"elementor-divider\">\n\t\t\t<span class=\"elementor-divider-separator\">\n\t\t\t\t\t\t<\/span>\n\t\t<\/div>\n\t\t\t\t<\/div>\n\t\t\t\t<\/div>\n\t\t\t\t<div class=\"elementor-element elementor-element-1108b0c elementor-icon-list--layout-traditional elementor-list-item-link-full_width elementor-widget elementor-widget-icon-list\" data-id=\"1108b0c\" data-element_type=\"widget\" data-widget_type=\"icon-list.default\">\n\t\t\t\t<div class=\"elementor-widget-container\">\n\t\t\t<link rel=\"stylesheet\" href=\"https:\/\/focilmed.com\/wp-content\/plugins\/elementor\/assets\/css\/widget-icon-list.min.css\">\t\t<ul class=\"elementor-icon-list-items\">\n\t\t\t\t\t\t\t<li class=\"elementor-icon-list-item\">\n\t\t\t\t\t\t\t\t\t\t\t<span class=\"elementor-icon-list-icon\">\n\t\t\t\t\t\t\t<i aria-hidden=\"true\" class=\"fas fa-chevron-right\"><\/i>\t\t\t\t\t\t<\/span>\n\t\t\t\t\t\t\t\t\t\t<span class=\"elementor-icon-list-text\">Control de la hipertensi\u00f3n\/hiperlipidemia<\/span>\n\t\t\t\t\t\t\t\t\t<\/li>\n\t\t\t\t\t\t\t\t<li class=\"elementor-icon-list-item\">\n\t\t\t\t\t\t\t\t\t\t\t<span class=\"elementor-icon-list-icon\">\n\t\t\t\t\t\t\t<i aria-hidden=\"true\" class=\"fas fa-chevron-right\"><\/i>\t\t\t\t\t\t<\/span>\n\t\t\t\t\t\t\t\t\t\t<span class=\"elementor-icon-list-text\">Gesti\u00f3n de la osteoporosis <\/span>\n\t\t\t\t\t\t\t\t\t<\/li>\n\t\t\t\t\t\t\t\t<li class=\"elementor-icon-list-item\">\n\t\t\t\t\t\t\t\t\t\t\t<span class=\"elementor-icon-list-icon\">\n\t\t\t\t\t\t\t<i aria-hidden=\"true\" class=\"fas fa-chevron-right\"><\/i>\t\t\t\t\t\t<\/span>\n\t\t\t\t\t\t\t\t\t\t<span class=\"elementor-icon-list-text\">Cuidado de las heridas<\/span>\n\t\t\t\t\t\t\t\t\t<\/li>\n\t\t\t\t\t\t\t\t<li class=\"elementor-icon-list-item\">\n\t\t\t\t\t\t\t\t\t\t\t<span class=\"elementor-icon-list-icon\">\n\t\t\t\t\t\t\t<i aria-hidden=\"true\" class=\"fas fa-chevron-right\"><\/i>\t\t\t\t\t\t<\/span>\n\t\t\t\t\t\t\t\t\t\t<span class=\"elementor-icon-list-text\">Da\u00f1os Personales<\/span>\n\t\t\t\t\t\t\t\t\t<\/li>\n\t\t\t\t\t\t<\/ul>\n\t\t\t\t<\/div>\n\t\t\t\t<\/div>\n\t\t        <\/div>\n        <\/div>\n                <div class=\"elementor-column elementor-col-33 elementor-top-column elementor-element elementor-element-9370f35\" data-id=\"9370f35\" data-element_type=\"column\">\n        <div class=\"elementor-widget-wrap elementor-element-populated\">\n                                <section class=\"elementor-section elementor-inner-section elementor-element elementor-element-a75009b elementor-section-boxed elementor-section-height-default elementor-section-height-default\" data-id=\"a75009b\" data-element_type=\"section\">\n        \n                <div class=\"elementor-container elementor-column-gap-default\">\n                <div class=\"elementor-column elementor-col-100 elementor-inner-column elementor-element elementor-element-6b2772f\" data-id=\"6b2772f\" data-element_type=\"column\" data-settings=\"{&quot;background_background&quot;:&quot;classic&quot;}\">\n        <div class=\"elementor-widget-wrap elementor-element-populated\">\n                        \t\t<div class=\"elementor-element elementor-element-36f75df elementor-widget elementor-widget-cms_heading\" data-id=\"36f75df\" data-element_type=\"widget\" data-widget_type=\"cms_heading.default\">\n\t\t\t\t<div class=\"elementor-widget-container\">\n\t\t\t<div class=\"cms-heading-wrapper cms-heading-layout1\">\r\n    \r\n            <h2 class=\"custom-heading\">\r\n            <span >Cont\u00e1ctenos<\/span>\r\n        <\/h2>\r\n        \r\n            <div class=\"custom-heading-description\">Si tiene alguna pregunta de car\u00e1cter general o m\u00e9dica, no dude en ponerse en contacto con nuestro personal de recepci\u00f3n.<\/div>\r\n    <\/div>\t\t<\/div>\n\t\t\t\t<\/div>\n\t\t\t\t<div class=\"elementor-element elementor-element-927c572 elementor-view-stacked elementor-shape-circle elementor-widget elementor-widget-icon\" data-id=\"927c572\" data-element_type=\"widget\" data-widget_type=\"icon.default\">\n\t\t\t\t<div class=\"elementor-widget-container\">\n\t\t\t\t\t<div class=\"elementor-icon-wrapper\">\n\t\t\t<div class=\"elementor-icon\">\n\t\t\t<i aria-hidden=\"true\" class=\"fas fa-phone-alt\"><\/i>\t\t\t<\/div>\n\t\t<\/div>\n\t\t\t\t<\/div>\n\t\t\t\t<\/div>\n\t\t\t\t<div class=\"elementor-element elementor-element-3742bee elementor-widget elementor-widget-cms_heading\" data-id=\"3742bee\" data-element_type=\"widget\" data-widget_type=\"cms_heading.default\">\n\t\t\t\t<div class=\"elementor-widget-container\">\n\t\t\t<div class=\"cms-heading-wrapper cms-heading-layout1\">\r\n    \r\n            <h2 class=\"custom-heading\">\r\n            <span >805-486-6565<\/span>\r\n        <\/h2>\r\n        \r\n    <\/div>\t\t<\/div>\n\t\t\t\t<\/div>\n\t\t        <\/div>\n        <\/div>\n                        <\/div>\n        <\/section>\n                <\/div>\n        <\/div>\n                        <\/div>\n        <\/section>\n        \t\t\t\t\t<\/div>","protected":false},"excerpt":{"rendered":"<p>FocilMed is staffed with a highly trained specialist to treat any urgent care needs. With shorter wait times and lower costs than the emergency room, we are happy to help. Feel free to walk in during or after business hours. No appointment is necessary. Most insurance plans are accepted, and affordable cash rates are offered. [&hellip;]<\/p>","protected":false},"author":1,"featured_media":14458,"parent":0,"menu_order":0,"comment_status":"closed","ping_status":"closed","template":"","meta":{"footnotes":""},"class_list":["post-14388","page","type-page","status-publish","has-post-thumbnail","hentry"],"yoast_head":"<!-- This site is optimized with the Yoast SEO plugin v21.7 - https:\/\/yoast.com\/wordpress\/plugins\/seo\/ -->\n<title>Ambulatory Care | Hypertension\/ Hyperlipidemia Management<\/title>\n<meta name=\"description\" content=\"FocilMed is staffed with a highly trained specialist to treat any urgent care needs. Shorter wait times and lower costs than the emergency room!\" \/>\n<meta name=\"robots\" content=\"index, follow, max-snippet:-1, max-image-preview:large, max-video-preview:-1\" \/>\n<link rel=\"canonical\" href=\"https:\/\/focilmed.com\/es\/ambulatory-care\/\" \/>\n<meta property=\"og:locale\" content=\"es_MX\" \/>\n<meta property=\"og:type\" content=\"article\" \/>\n<meta property=\"og:title\" content=\"Ambulatory Care | Hypertension\/ Hyperlipidemia Management\" \/>\n<meta property=\"og:description\" content=\"FocilMed is staffed with a highly trained specialist to treat any urgent care needs. Shorter wait times and lower costs than the emergency room!\" \/>\n<meta property=\"og:url\" content=\"https:\/\/focilmed.com\/es\/ambulatory-care\/\" \/>\n<meta property=\"og:site_name\" content=\"FocilMed\" \/>\n<meta property=\"article:publisher\" content=\"https:\/\/www.facebook.com\/FocilMed\" \/>\n<meta property=\"article:modified_time\" content=\"2023-04-20T21:09:47+00:00\" \/>\n<meta property=\"og:image\" content=\"https:\/\/focilmed.com\/wp-content\/uploads\/2022\/07\/many-kind-medical-equipment-manage-surgeon-start-operations-operating-room-scaled.jpg\" \/>\n\t<meta property=\"og:image:width\" content=\"2560\" \/>\n\t<meta property=\"og:image:height\" content=\"1707\" \/>\n\t<meta property=\"og:image:type\" content=\"image\/jpeg\" \/>\n<meta name=\"twitter:card\" content=\"summary_large_image\" \/>\n<meta name=\"twitter:label1\" content=\"Tiempo de lectura\" \/>\n\t<meta name=\"twitter:data1\" content=\"1 minuto\" \/>\n<script type=\"application\/ld+json\" class=\"yoast-schema-graph\">{\"@context\":\"https:\/\/schema.org\",\"@graph\":[{\"@type\":\"WebPage\",\"@id\":\"https:\/\/focilmed.com\/es\/ambulatory-care\/\",\"url\":\"https:\/\/focilmed.com\/es\/ambulatory-care\/\",\"name\":\"Ambulatory Care | Hypertension\/ Hyperlipidemia Management\",\"isPartOf\":{\"@id\":\"https:\/\/focilmed.com\/#website\"},\"datePublished\":\"2022-07-19T19:07:09+00:00\",\"dateModified\":\"2023-04-20T21:09:47+00:00\",\"description\":\"FocilMed is staffed with a highly trained specialist to treat any urgent care needs. Shorter wait times and lower costs than the emergency room!\",\"breadcrumb\":{\"@id\":\"https:\/\/focilmed.com\/es\/ambulatory-care\/#breadcrumb\"},\"inLanguage\":\"es\",\"potentialAction\":[{\"@type\":\"ReadAction\",\"target\":[\"https:\/\/focilmed.com\/es\/ambulatory-care\/\"]}]},{\"@type\":\"BreadcrumbList\",\"@id\":\"https:\/\/focilmed.com\/es\/ambulatory-care\/#breadcrumb\",\"itemListElement\":[{\"@type\":\"ListItem\",\"position\":1,\"name\":\"Home\",\"item\":\"https:\/\/focilmed.com\/\"},{\"@type\":\"ListItem\",\"position\":2,\"name\":\"Ambulatory Care\"}]},{\"@type\":\"WebSite\",\"@id\":\"https:\/\/focilmed.com\/#website\",\"url\":\"https:\/\/focilmed.com\/\",\"name\":\"FocilMed\",\"description\":\"Caring your health over 30 years\",\"potentialAction\":[{\"@type\":\"SearchAction\",\"target\":{\"@type\":\"EntryPoint\",\"urlTemplate\":\"https:\/\/focilmed.com\/?s={search_term_string}\"},\"query-input\":\"required name=search_term_string\"}],\"inLanguage\":\"es\"}]}<\/script>\n<!-- \/ Yoast SEO plugin. -->","yoast_head_json":{"title":"Ambulatory Care | Hypertension\/ Hyperlipidemia Management","description":"FocilMed is staffed with a highly trained specialist to treat any urgent care needs. Shorter wait times and lower costs than the emergency room!","robots":{"index":"index","follow":"follow","max-snippet":"max-snippet:-1","max-image-preview":"max-image-preview:large","max-video-preview":"max-video-preview:-1"},"canonical":"https:\/\/focilmed.com\/es\/ambulatory-care\/","og_locale":"es_MX","og_type":"article","og_title":"Ambulatory Care | Hypertension\/ Hyperlipidemia Management","og_description":"FocilMed is staffed with a highly trained specialist to treat any urgent care needs. Shorter wait times and lower costs than the emergency room!","og_url":"https:\/\/focilmed.com\/es\/ambulatory-care\/","og_site_name":"FocilMed","article_publisher":"https:\/\/www.facebook.com\/FocilMed","article_modified_time":"2023-04-20T21:09:47+00:00","og_image":[{"width":2560,"height":1707,"url":"https:\/\/focilmed.com\/wp-content\/uploads\/2022\/07\/many-kind-medical-equipment-manage-surgeon-start-operations-operating-room-scaled.jpg","type":"image\/jpeg"}],"twitter_card":"summary_large_image","twitter_misc":{"Tiempo de lectura":"1 minuto"},"schema":{"@context":"https:\/\/schema.org","@graph":[{"@type":"WebPage","@id":"https:\/\/focilmed.com\/es\/ambulatory-care\/","url":"https:\/\/focilmed.com\/es\/ambulatory-care\/","name":"Ambulatory Care | Hypertension\/ Hyperlipidemia Management","isPartOf":{"@id":"https:\/\/focilmed.com\/#website"},"datePublished":"2022-07-19T19:07:09+00:00","dateModified":"2023-04-20T21:09:47+00:00","description":"FocilMed is staffed with a highly trained specialist to treat any urgent care needs. Shorter wait times and lower costs than the emergency room!","breadcrumb":{"@id":"https:\/\/focilmed.com\/es\/ambulatory-care\/#breadcrumb"},"inLanguage":"es","potentialAction":[{"@type":"ReadAction","target":["https:\/\/focilmed.com\/es\/ambulatory-care\/"]}]},{"@type":"BreadcrumbList","@id":"https:\/\/focilmed.com\/es\/ambulatory-care\/#breadcrumb","itemListElement":[{"@type":"ListItem","position":1,"name":"Home","item":"https:\/\/focilmed.com\/"},{"@type":"ListItem","position":2,"name":"Ambulatory Care"}]},{"@type":"WebSite","@id":"https:\/\/focilmed.com\/#website","url":"https:\/\/focilmed.com\/","name":"FocilMed","description":"Caring your health over 30 years","potentialAction":[{"@type":"SearchAction","target":{"@type":"EntryPoint","urlTemplate":"https:\/\/focilmed.com\/?s={search_term_string}"},"query-input":"required name=search_term_string"}],"inLanguage":"es"}]}},"_links":{"self":[{"href":"https:\/\/focilmed.com\/es\/wp-json\/wp\/v2\/pages\/14388","targetHints":{"allow":["GET"]}}],"collection":[{"href":"https:\/\/focilmed.com\/es\/wp-json\/wp\/v2\/pages"}],"about":[{"href":"https:\/\/focilmed.com\/es\/wp-json\/wp\/v2\/types\/page"}],"author":[{"embeddable":true,"href":"https:\/\/focilmed.com\/es\/wp-json\/wp\/v2\/users\/1"}],"replies":[{"embeddable":true,"href":"https:\/\/focilmed.com\/es\/wp-json\/wp\/v2\/comments?post=14388"}],"version-history":[{"count":93,"href":"https:\/\/focilmed.com\/es\/wp-json\/wp\/v2\/pages\/14388\/revisions"}],"predecessor-version":[{"id":16717,"href":"https:\/\/focilmed.com\/es\/wp-json\/wp\/v2\/pages\/14388\/revisions\/16717"}],"wp:featuredmedia":[{"embeddable":true,"href":"https:\/\/focilmed.com\/es\/wp-json\/wp\/v2\/media\/14458"}],"wp:attachment":[{"href":"https:\/\/focilmed.com\/es\/wp-json\/wp\/v2\/media?parent=14388"}],"curies":[{"name":"wp","href":"https:\/\/api.w.org\/{rel}","templated":true}]}}